{"id":2953,"date":"2016-09-30T09:45:55","date_gmt":"2016-09-30T07:45:55","guid":{"rendered":"https:\/\/www.hoteldaniel-basiano.it\/en\/home\/"},"modified":"2022-09-21T18:46:19","modified_gmt":"2022-09-21T16:46:19","slug":"home","status":"publish","type":"page","link":"https:\/\/www.hoteldaniel-basiano.it\/en\/","title":{"rendered":"Home"},"content":{"rendered":"\t\t<div data-elementor-type=\"wp-page\" data-elementor-id=\"2953\" class=\"elementor elementor-2953 elementor-2916\" data-elementor-settings=\"[]\">\n\t\t\t\t\t\t<div class=\"elementor-inner\">\n\t\t\t\t\t\t\t<div class=\"elementor-section-wrap\">\n\t\t\t\t\t\t\t<section class=\"elementor-section elementor-top-section elementor-element elementor-element-e032fdf elementor-section-boxed elementor-section-height-default elementor-section-height-default\" data-id=\"e032fdf\" data-element_type=\"section\">\n\t\t\t\t\t\t<div class=\"elementor-container elementor-column-gap-default\">\n\t\t\t\t\t\t\t<div class=\"elementor-row\">\n\t\t\t\t\t<div class=\"elementor-column elementor-col-100 elementor-top-column elementor-element elementor-element-e82e4fc\" data-id=\"e82e4fc\" data-element_type=\"column\">\n\t\t\t<div class=\"elementor-column-wrap elementor-element-populated\">\n\t\t\t\t\t\t\t<div class=\"elementor-widget-wrap\">\n\t\t\t\t\t\t<div class=\"elementor-element elementor-element-b88a186 elementor-widget elementor-widget-heading\" data-id=\"b88a186\" data-element_type=\"widget\" data-widget_type=\"heading.default\">\n\t\t\t\t<div class=\"elementor-widget-container\">\n\t\t\t<h4 class=\"elementor-heading-title elementor-size-default\">PRIVACY AND HOSPITALITY SINCE 1990<\/h4>\t\t<\/div>\n\t\t\t\t<\/div>\n\t\t\t\t<div class=\"elementor-element elementor-element-8d281f0 elementor-widget elementor-widget-heading\" data-id=\"8d281f0\" data-element_type=\"widget\" data-widget_type=\"heading.default\">\n\t\t\t\t<div class=\"elementor-widget-container\">\n\t\t\t<h1 class=\"elementor-heading-title elementor-size-default\">HOTEL DANIEL<\/h1>\t\t<\/div>\n\t\t\t\t<\/div>\n\t\t\t\t<div class=\"elementor-element elementor-element-f275c6a elementor-widget-divider--view-line elementor-widget elementor-widget-divider\" data-id=\"f275c6a\" data-element_type=\"widget\" data-widget_type=\"divider.default\">\n\t\t\t\t<div class=\"elementor-widget-container\">\n\t\t\t\t\t<div class=\"elementor-divider\">\n\t\t\t<span class=\"elementor-divider-separator\">\n\t\t\t\t\t\t<\/span>\n\t\t<\/div>\n\t\t\t\t<\/div>\n\t\t\t\t<\/div>\n\t\t\t\t<div class=\"elementor-element elementor-element-843edf7 elementor-widget elementor-widget-text-editor\" data-id=\"843edf7\" data-element_type=\"widget\" data-widget_type=\"text-editor.default\">\n\t\t\t\t<div class=\"elementor-widget-container\">\n\t\t\t\t\t\t\t\t<div class=\"elementor-text-editor elementor-clearfix\">\n\t\t\t\t<div class=\"vc_row wpb_row vc_row-fluid content-padding\">\n<div class=\"wpb_column vc_column_container vc_col-sm-8 vc_col-sm-offset-2\">\n<div class=\"vc_column-inner\">\n<div class=\"wpb_wrapper\">\n<div class=\"wpb_text_column wpb_content_element \">\n<div class=\"wpb_wrapper\">\n<p>Hotel Daniel is the ideal solution for business stays, as its location allows you easy access to downtown Milan, the Trade Show Area and three airports: Linate, Malpensa and Orio Al Serio.<\/p>\n<p>Located in a strategic position, just 2 km from the Milan \u2013 Venice Motorway, since 1990 Hotel Daniel has been offering a cosy, refined and welcoming environment. The courtesy of our staff, together with their competence and professionalism are sure to make your stay a pleasant one.<\/p>\n<\/div>\n<\/div>\n<\/div>\n<\/div>\n<\/div>\n<\/div>\n\t\t\t\t\t<\/div>\n\t\t\t\t\t\t<\/div>\n\t\t\t\t<\/div>\n\t\t\t\t<div class=\"elementor-element elementor-element-281b062 elementor-align-center elementor-widget elementor-widget-button\" data-id=\"281b062\" data-element_type=\"widget\" data-widget_type=\"button.default\">\n\t\t\t\t<div class=\"elementor-widget-container\">\n\t\t\t\t\t<div class=\"elementor-button-wrapper\">\n\t\t\t<a href=\"https:\/\/hoteldaniel-basiano.it\/en\/hotel\/\" class=\"elementor-button-link elementor-button elementor-size-sm\" role=\"button\">\n\t\t\t\t\t\t<span class=\"elementor-button-content-wrapper\">\n\t\t\t\t\t\t<span class=\"elementor-button-text\">Find out more<\/span>\n\t\t<\/span>\n\t\t\t\t\t<\/a>\n\t\t<\/div>\n\t\t\t\t<\/div>\n\t\t\t\t<\/div>\n\t\t\t\t\t\t<\/div>\n\t\t\t\t\t<\/div>\n\t\t<\/div>\n\t\t\t\t\t\t\t\t<\/div>\n\t\t\t\t\t<\/div>\n\t\t<\/section>\n\t\t\t\t<section class=\"elementor-section elementor-top-section elementor-element elementor-element-f83c14b elementor-section-stretched elementor-section-boxed elementor-section-height-default elementor-section-height-default\" data-id=\"f83c14b\" data-element_type=\"section\" data-settings=\"{&quot;stretch_section&quot;:&quot;section-stretched&quot;,&quot;background_background&quot;:&quot;classic&quot;}\">\n\t\t\t\t\t\t<div class=\"elementor-container elementor-column-gap-default\">\n\t\t\t\t\t\t\t<div class=\"elementor-row\">\n\t\t\t\t\t<div class=\"elementor-column elementor-col-50 elementor-top-column elementor-element elementor-element-ea56c92\" data-id=\"ea56c92\" data-element_type=\"column\">\n\t\t\t<div class=\"elementor-column-wrap elementor-element-populated\">\n\t\t\t\t\t\t\t<div class=\"elementor-widget-wrap\">\n\t\t\t\t\t\t<div class=\"elementor-element elementor-element-375f9b3 elementor-align-center elementor-widget elementor-widget-button\" data-id=\"375f9b3\" data-element_type=\"widget\" data-widget_type=\"button.default\">\n\t\t\t\t<div class=\"elementor-widget-container\">\n\t\t\t\t\t<div class=\"elementor-button-wrapper\">\n\t\t\t<a href=\"https:\/\/booking.htlbooking.net\/hotel-daniel-basiano?lang=en\" target=\"_blank\" class=\"elementor-button-link elementor-button elementor-size-lg\" role=\"button\">\n\t\t\t\t\t\t<span class=\"elementor-button-content-wrapper\">\n\t\t\t\t\t\t<span class=\"elementor-button-icon elementor-align-icon-left\">\n\t\t\t\t<i aria-hidden=\"true\" class=\"fas fa-bed\"><\/i>\t\t\t<\/span>\n\t\t\t\t\t\t<span class=\"elementor-button-text\">check room availability<\/span>\n\t\t<\/span>\n\t\t\t\t\t<\/a>\n\t\t<\/div>\n\t\t\t\t<\/div>\n\t\t\t\t<\/div>\n\t\t\t\t\t\t<\/div>\n\t\t\t\t\t<\/div>\n\t\t<\/div>\n\t\t\t\t<div class=\"elementor-column elementor-col-50 elementor-top-column elementor-element elementor-element-5263b3d\" data-id=\"5263b3d\" data-element_type=\"column\">\n\t\t\t<div class=\"elementor-column-wrap elementor-element-populated\">\n\t\t\t\t\t\t\t<div class=\"elementor-widget-wrap\">\n\t\t\t\t\t\t<div class=\"elementor-element elementor-element-7f07c4a elementor-align-center elementor-widget elementor-widget-button\" data-id=\"7f07c4a\" data-element_type=\"widget\" data-widget_type=\"button.default\">\n\t\t\t\t<div class=\"elementor-widget-container\">\n\t\t\t\t\t<div class=\"elementor-button-wrapper\">\n\t\t\t<a href=\"https:\/\/hoteldaniel-basiano.it\/en\/subscribe-our-newsletter\/\" class=\"elementor-button-link elementor-button elementor-size-lg\" role=\"button\">\n\t\t\t\t\t\t<span class=\"elementor-button-content-wrapper\">\n\t\t\t\t\t\t<span class=\"elementor-button-icon elementor-align-icon-left\">\n\t\t\t\t<i aria-hidden=\"true\" class=\"fas fa-newspaper\"><\/i>\t\t\t<\/span>\n\t\t\t\t\t\t<span class=\"elementor-button-text\">Subscribe to the newsletter<\/span>\n\t\t<\/span>\n\t\t\t\t\t<\/a>\n\t\t<\/div>\n\t\t\t\t<\/div>\n\t\t\t\t<\/div>\n\t\t\t\t\t\t<\/div>\n\t\t\t\t\t<\/div>\n\t\t<\/div>\n\t\t\t\t\t\t\t\t<\/div>\n\t\t\t\t\t<\/div>\n\t\t<\/section>\n\t\t\t\t<section class=\"elementor-section elementor-top-section elementor-element elementor-element-1bcdb11 elementor-section-stretched elementor-section-boxed elementor-section-height-default elementor-section-height-default\" data-id=\"1bcdb11\" data-element_type=\"section\" data-settings=\"{&quot;stretch_section&quot;:&quot;section-stretched&quot;,&quot;background_background&quot;:&quot;classic&quot;}\">\n\t\t\t\t\t\t<div class=\"elementor-container elementor-column-gap-default\">\n\t\t\t\t\t\t\t<div class=\"elementor-row\">\n\t\t\t\t\t<div class=\"elementor-column elementor-col-50 elementor-top-column elementor-element elementor-element-d981333\" data-id=\"d981333\" data-element_type=\"column\">\n\t\t\t<div class=\"elementor-column-wrap elementor-element-populated\">\n\t\t\t\t\t\t\t<div class=\"elementor-widget-wrap\">\n\t\t\t\t\t\t<div class=\"elementor-element elementor-element-2fdb081 elementor-widget elementor-widget-image-carousel\" data-id=\"2fdb081\" data-element_type=\"widget\" data-settings=\"{&quot;slides_to_show&quot;:&quot;1&quot;,&quot;navigation&quot;:&quot;none&quot;,&quot;autoplay&quot;:&quot;yes&quot;,&quot;pause_on_hover&quot;:&quot;yes&quot;,&quot;pause_on_interaction&quot;:&quot;yes&quot;,&quot;autoplay_speed&quot;:5000,&quot;infinite&quot;:&quot;yes&quot;,&quot;effect&quot;:&quot;slide&quot;,&quot;speed&quot;:500}\" data-widget_type=\"image-carousel.default\">\n\t\t\t\t<div class=\"elementor-widget-container\">\n\t\t\t\t\t<div class=\"elementor-image-carousel-wrapper swiper-container\" dir=\"ltr\">\n\t\t\t<div class=\"elementor-image-carousel swiper-wrapper swiper-image-stretch\">\n\t\t\t\t\t\t\t\t<div class=\"swiper-slide\"><figure class=\"swiper-slide-inner\"><img class=\"swiper-slide-image\" src=\"https:\/\/www.hoteldaniel-basiano.it\/wp-content\/uploads\/elementor\/thumbs\/hotel.mp4-ptq7dg6smswqbf37qqxgces4wycu18fpe07b0n3vtc.png\" alt=\"hotel.mp4\" \/><\/figure><\/div><div class=\"swiper-slide\"><figure class=\"swiper-slide-inner\"><img class=\"swiper-slide-image\" src=\"https:\/\/www.hoteldaniel-basiano.it\/wp-content\/uploads\/elementor\/thumbs\/IMG_2744-ptq7ed35a05rlrrfen5e9oh9pfuoin2b6j1atbr3rk.jpg\" alt=\"img_2744\" \/><\/figure><\/div><div class=\"swiper-slide\"><figure class=\"swiper-slide-inner\"><img class=\"swiper-slide-image\" src=\"https:\/\/www.hoteldaniel-basiano.it\/wp-content\/uploads\/elementor\/thumbs\/2T6A7677-ptq7cpvbbfwpac5g0fjwelf8a5yk1pj7ydxpkw6wnk.jpg\" alt=\"2t6a7677\" \/><\/figure><\/div>\t\t\t<\/div>\n\t\t\t\t\t\t\t\t\t\t\t\t\t\t\t\t<\/div>\n\t\t\t\t<\/div>\n\t\t\t\t<\/div>\n\t\t\t\t\t\t<\/div>\n\t\t\t\t\t<\/div>\n\t\t<\/div>\n\t\t\t\t<div class=\"elementor-column elementor-col-50 elementor-top-column elementor-element elementor-element-21a4896\" data-id=\"21a4896\" data-element_type=\"column\">\n\t\t\t<div class=\"elementor-column-wrap elementor-element-populated\">\n\t\t\t\t\t\t\t<div class=\"elementor-widget-wrap\">\n\t\t\t\t\t\t<div class=\"elementor-element elementor-element-92afb18 elementor-widget elementor-widget-heading\" data-id=\"92afb18\" data-element_type=\"widget\" data-widget_type=\"heading.default\">\n\t\t\t\t<div class=\"elementor-widget-container\">\n\t\t\t<h4 class=\"elementor-heading-title elementor-size-default\">THE IDEAL SOLUTION FOR YOUR MEETINGS<\/h4>\t\t<\/div>\n\t\t\t\t<\/div>\n\t\t\t\t<div class=\"elementor-element elementor-element-5496708 elementor-widget elementor-widget-heading\" data-id=\"5496708\" data-element_type=\"widget\" data-widget_type=\"heading.default\">\n\t\t\t\t<div class=\"elementor-widget-container\">\n\t\t\t<h2 class=\"elementor-heading-title elementor-size-default\">MOTEL DANIEL<\/h2>\t\t<\/div>\n\t\t\t\t<\/div>\n\t\t\t\t<div class=\"elementor-element elementor-element-bea68b1 elementor-widget elementor-widget-text-editor\" data-id=\"bea68b1\" data-element_type=\"widget\" data-widget_type=\"text-editor.default\">\n\t\t\t\t<div class=\"elementor-widget-container\">\n\t\t\t\t\t\t\t\t<div class=\"elementor-text-editor elementor-clearfix\">\n\t\t\t\t<p>The hotel\u2019s discreet and qualified personnel will be happy to welcome you and meet your every need. Our long experience in the sector allows us to recognize your needs and to know how to meet them in the best way possible.<\/p>\n<p>To guarantee maximum privacy, you can check-in from your car, and our rooms can be accessed directly from the private garage.<\/p>\n\t\t\t\t\t<\/div>\n\t\t\t\t\t\t<\/div>\n\t\t\t\t<\/div>\n\t\t\t\t<div class=\"elementor-element elementor-element-ec54330 elementor-align-left elementor-widget elementor-widget-button\" data-id=\"ec54330\" data-element_type=\"widget\" data-widget_type=\"button.default\">\n\t\t\t\t<div class=\"elementor-widget-container\">\n\t\t\t\t\t<div class=\"elementor-button-wrapper\">\n\t\t\t<a href=\"https:\/\/hoteldaniel-basiano.it\/en\/motel\/\" class=\"elementor-button-link elementor-button elementor-size-sm\" role=\"button\">\n\t\t\t\t\t\t<span class=\"elementor-button-content-wrapper\">\n\t\t\t\t\t\t<span class=\"elementor-button-text\">Read more<\/span>\n\t\t<\/span>\n\t\t\t\t\t<\/a>\n\t\t<\/div>\n\t\t\t\t<\/div>\n\t\t\t\t<\/div>\n\t\t\t\t\t\t<\/div>\n\t\t\t\t\t<\/div>\n\t\t<\/div>\n\t\t\t\t\t\t\t\t<\/div>\n\t\t\t\t\t<\/div>\n\t\t<\/section>\n\t\t\t\t<section class=\"elementor-section elementor-top-section elementor-element elementor-element-45769fc elementor-section-boxed elementor-section-height-default elementor-section-height-default\" data-id=\"45769fc\" data-element_type=\"section\">\n\t\t\t\t\t\t<div class=\"elementor-container elementor-column-gap-default\">\n\t\t\t\t\t\t\t<div class=\"elementor-row\">\n\t\t\t\t\t<div class=\"elementor-column elementor-col-100 elementor-top-column elementor-element elementor-element-d219d2c\" data-id=\"d219d2c\" data-element_type=\"column\">\n\t\t\t<div class=\"elementor-column-wrap elementor-element-populated\">\n\t\t\t\t\t\t\t<div class=\"elementor-widget-wrap\">\n\t\t\t\t\t\t<div class=\"elementor-element elementor-element-f021cb5 elementor-widget elementor-widget-heading\" data-id=\"f021cb5\" data-element_type=\"widget\" data-widget_type=\"heading.default\">\n\t\t\t\t<div class=\"elementor-widget-container\">\n\t\t\t<h2 class=\"elementor-heading-title elementor-size-default\">About us<\/h2>\t\t<\/div>\n\t\t\t\t<\/div>\n\t\t\t\t<div class=\"elementor-element elementor-element-e1b6fd3 elementor-widget-divider--view-line elementor-widget elementor-widget-divider\" data-id=\"e1b6fd3\" data-element_type=\"widget\" data-widget_type=\"divider.default\">\n\t\t\t\t<div class=\"elementor-widget-container\">\n\t\t\t\t\t<div class=\"elementor-divider\">\n\t\t\t<span class=\"elementor-divider-separator\">\n\t\t\t\t\t\t<\/span>\n\t\t<\/div>\n\t\t\t\t<\/div>\n\t\t\t\t<\/div>\n\t\t\t\t<div class=\"elementor-element elementor-element-f45c447 elementor-widget elementor-widget-shortcode\" data-id=\"f45c447\" data-element_type=\"widget\" data-widget_type=\"shortcode.default\">\n\t\t\t\t<div class=\"elementor-widget-container\">\n\t\t\t\t\t<div class=\"elementor-shortcode\"><div class=\"ti-widget ti-trip\" data-layout-id=\"15\" data-set-id=\"dark-contrast\" data-pid=\"b5167179c03e50ec942cb\" data-pager-autoplay-timeout=\"6\" > <div class=\"ti-widget-container ti-col-3\"> <div class=\"ti-reviews-container\"> <div class=\"ti-controls\"> <div class=\"ti-next\"><\/div> <div class=\"ti-prev\"><\/div> <\/div> <div class=\"ti-reviews-container-wrapper\">  <div class=\"ti-review-item source-Tripadvisor\" > <div class=\"ti-inner\"> <div class=\"ti-review-content\"> <div class=\"ti-stars\"><span class=\"ti-star f\"><\/span><span class=\"ti-star f\"><\/span><span class=\"ti-star f\"><\/span><span class=\"ti-star f\"><\/span><span class=\"ti-star e\"><\/span><\/div> <div class=\"ti-review-text\"><!-- R-CONTENT --><strong>Ottima scelta<\/strong>\nHo seclto questo hotel per la comodit\u00e0.\nNho soggiornato solo per il tempo di dormire quindi non so se buona posizione.\n\u00c8 comunque vicino l'autostrada.\nStanza grande, molto pulita, silenziosa.\nPersonale molto gentile e disponibile.\nLa colazione discreta.\nSicuramente tornerei se avessi necessit\u00e0 in zona.<!-- R-CONTENT --><\/div> <\/div> <\/div> <div class=\"ti-review-header\"> <div class=\"ti-profile-img\"> <img src=\"https:\/\/dynamic-media-cdn.tripadvisor.com\/media\/photo-o\/02\/15\/67\/f1\/tartadeb.jpg?w=100&h=100&s=1\" alt=\"tartadeb\" \/> <\/div> <div class=\"ti-profile-details\"> <div class=\"ti-name\">tartadeb<\/div> <div class=\"ti-date\">22\/02\/2020<\/div> <\/div> <\/div> <\/div>  <div class=\"ti-review-item source-Tripadvisor\" > <div class=\"ti-inner\"> <div class=\"ti-review-content\"> <div class=\"ti-stars\"><span class=\"ti-star f\"><\/span><span class=\"ti-star f\"><\/span><span class=\"ti-star f\"><\/span><span class=\"ti-star f\"><\/span><span class=\"ti-star f\"><\/span><\/div> <div class=\"ti-review-text\"><!-- R-CONTENT --><strong>Torner\u00f2 sicuramente<\/strong>\nSono stata in hotel e devo dire che appena sono entrata in camera, mi sono subito sentita a mio agio, molto calda ed accogliente, come sentirsi a casa! Pulizia impeccabile, per non parlare della qualit\u00e0 prezzo! Personale cordiale e disponibile.<!-- R-CONTENT --><\/div> <\/div> <\/div> <div class=\"ti-review-header\"> <div class=\"ti-profile-img\"> <img src=\"https:\/\/dynamic-media-cdn.tripadvisor.com\/media\/photo-o\/1a\/f6\/e4\/2d\/default-avatar-2020-48.jpg?w=100&h=100&s=1\" alt=\"elena\" \/> <\/div> <div class=\"ti-profile-details\"> <div class=\"ti-name\">elena<\/div> <div class=\"ti-date\">02\/12\/2019<\/div> <\/div> <\/div> <\/div>  <div class=\"ti-review-item source-Tripadvisor\" > <div class=\"ti-inner\"> <div class=\"ti-review-content\"> <div class=\"ti-stars\"><span class=\"ti-star f\"><\/span><span class=\"ti-star f\"><\/span><span class=\"ti-star f\"><\/span><span class=\"ti-star f\"><\/span><span class=\"ti-star e\"><\/span><\/div> <div class=\"ti-review-text\"><!-- R-CONTENT --><strong>Cordialit\u00e0 e disponibilit\u00e0 e buon rapporto qualit\u00e0 prezzo<\/strong>\nPersonale molto accogliente e cordiale, anche a fronte di piccole esigenze, appendi abiti, prolunga per il computer, hanno prontamente provveduto. Colazione completa e buona scelta tra salato e dolce.\nConfortevole la stanza matrimoniale uso singolo, arredo un po' datato.\n\n \u00b7 A voler trovare un punto di miglioramento,suggerirei, date le 4 stelle, di sostituire i televisori in camera con altri di dimensioni almeno di 32 pollici<!-- R-CONTENT --><\/div> <\/div> <\/div> <div class=\"ti-review-header\"> <div class=\"ti-profile-img\"> <img src=\"https:\/\/dynamic-media-cdn.tripadvisor.com\/media\/photo-o\/1a\/f6\/f4\/5d\/default-avatar-2020-32.jpg?w=100&h=100&s=1\" alt=\"AleTorino58\" \/> <\/div> <div class=\"ti-profile-details\"> <div class=\"ti-name\">AleTorino58<\/div> <div class=\"ti-date\">16\/11\/2019<\/div> <\/div> <\/div> <\/div>  <div class=\"ti-review-item source-Tripadvisor\" > <div class=\"ti-inner\"> <div class=\"ti-review-content\"> <div class=\"ti-stars\"><span class=\"ti-star f\"><\/span><span class=\"ti-star f\"><\/span><span class=\"ti-star f\"><\/span><span class=\"ti-star f\"><\/span><span class=\"ti-star e\"><\/span><\/div> <div class=\"ti-review-text\"><!-- R-CONTENT --><strong>Molto buono<\/strong>\nOttimo rapporto qualit\u00e0 prezzo, camere molto pulite e confortevoli, personale cortese, colazione internazionale a buffet abbondante. \nUnica pecca arredamento un po\u2019 vecchiotto...\nNel complesso un buon pernottamento.\nConsigliato<!-- R-CONTENT --><\/div> <\/div> <\/div> <div class=\"ti-review-header\"> <div class=\"ti-profile-img\"> <img src=\"https:\/\/dynamic-media-cdn.tripadvisor.com\/media\/photo-o\/1a\/f6\/f1\/06\/default-avatar-2020-18.jpg?w=100&h=100&s=1\" alt=\"MION85\" \/> <\/div> <div class=\"ti-profile-details\"> <div class=\"ti-name\">MION85<\/div> <div class=\"ti-date\">11\/11\/2018<\/div> <\/div> <\/div> <\/div>  <div class=\"ti-review-item source-Tripadvisor\" > <div class=\"ti-inner\"> <div class=\"ti-review-content\"> <div class=\"ti-stars\"><span class=\"ti-star f\"><\/span><span class=\"ti-star f\"><\/span><span class=\"ti-star f\"><\/span><span class=\"ti-star f\"><\/span><span class=\"ti-star e\"><\/span><\/div> <div class=\"ti-review-text\"><!-- R-CONTENT --><strong>viaggio di coppia<\/strong>\nl'Hotel si trova ubicato lungo l'autostrada A4, Ottimo per soste brevi di un o due notti perch\u00e8 \u00e8 situato vicino a Milano ed offre la massima discrezionalit\u00e0, la pulizie delle camere ed i servizi del personale sono molto buoni, colazione non particolarmente abbondante, ma comunque buona. Ottimo rapporto qualit\u00e0\/prezzo<!-- R-CONTENT --><\/div> <\/div> <\/div> <div class=\"ti-review-header\"> <div class=\"ti-profile-img\"> <img src=\"https:\/\/dynamic-media-cdn.tripadvisor.com\/media\/photo-o\/1a\/f6\/e4\/59\/default-avatar-2020-49.jpg?w=100&h=100&s=1\" alt=\"Francesco B\" \/> <\/div> <div class=\"ti-profile-details\"> <div class=\"ti-name\">Francesco B<\/div> <div class=\"ti-date\">24\/09\/2018<\/div> <\/div> <\/div> <\/div>  <\/div> <div class=\"ti-controls-dots\"> <div class=\"dot active\"><\/div> <\/div> <\/div> <div class=\"ti-footer\">  <\/div> <\/div> <\/div><\/div>\n\t\t\t\t<\/div>\n\t\t\t\t<\/div>\n\t\t\t\t\t\t<\/div>\n\t\t\t\t\t<\/div>\n\t\t<\/div>\n\t\t\t\t\t\t\t\t<\/div>\n\t\t\t\t\t<\/div>\n\t\t<\/section>\n\t\t\t\t<section class=\"elementor-section elementor-top-section elementor-element elementor-element-4c2eff5 elementor-section-boxed elementor-section-height-default elementor-section-height-default\" data-id=\"4c2eff5\" data-element_type=\"section\">\n\t\t\t\t\t\t<div class=\"elementor-container elementor-column-gap-default\">\n\t\t\t\t\t\t\t<div class=\"elementor-row\">\n\t\t\t\t\t<div class=\"elementor-column elementor-col-100 elementor-top-column elementor-element elementor-element-38b7450\" data-id=\"38b7450\" data-element_type=\"column\">\n\t\t\t<div class=\"elementor-column-wrap elementor-element-populated\">\n\t\t\t\t\t\t\t<div class=\"elementor-widget-wrap\">\n\t\t\t\t\t\t<div class=\"elementor-element elementor-element-13a0f6c elementor-shape-circle e-grid-align-left elementor-grid-0 elementor-widget elementor-widget-social-icons\" data-id=\"13a0f6c\" data-element_type=\"widget\" data-widget_type=\"social-icons.default\">\n\t\t\t\t<div class=\"elementor-widget-container\">\n\t\t\t\t\t<div class=\"elementor-social-icons-wrapper elementor-grid\">\n\t\t\t\t\t\t\t<span class=\"elementor-grid-item\">\n\t\t\t\t\t<a class=\"elementor-icon elementor-social-icon elementor-social-icon-facebook elementor-repeater-item-15d33c7\" href=\"https:\/\/www.facebook.com\/sharer.php?u=https%3A%2F%2Fwww.hoteldaniel-basiano.it%2F\" target=\"_blank\">\n\t\t\t\t\t\t<span class=\"elementor-screen-only\">Facebook<\/span>\n\t\t\t\t\t\t<i class=\"fab fa-facebook\"><\/i>\t\t\t\t\t<\/a>\n\t\t\t\t<\/span>\n\t\t\t\t\t\t\t<span class=\"elementor-grid-item\">\n\t\t\t\t\t<a class=\"elementor-icon elementor-social-icon elementor-social-icon-twitter elementor-repeater-item-9ba5613\" href=\"https:\/\/twitter.com\/home?status=https%3A%2F%2Fwww.hoteldaniel-basiano.it%2F%20%C2%A0%20Home\" target=\"_blank\">\n\t\t\t\t\t\t<span class=\"elementor-screen-only\">Twitter<\/span>\n\t\t\t\t\t\t<i class=\"fab fa-twitter\"><\/i>\t\t\t\t\t<\/a>\n\t\t\t\t<\/span>\n\t\t\t\t\t\t\t<span class=\"elementor-grid-item\">\n\t\t\t\t\t<a class=\"elementor-icon elementor-social-icon elementor-social-icon-linkedin elementor-repeater-item-8ce8520\" href=\"https:\/\/linkedin.com\/shareArticle?mini=true&#038;url=https%3A%2F%2Fwww.hoteldaniel-basiano.it%2F&#038;title=Home\" target=\"_blank\">\n\t\t\t\t\t\t<span class=\"elementor-screen-only\">Linkedin<\/span>\n\t\t\t\t\t\t<i class=\"fab fa-linkedin\"><\/i>\t\t\t\t\t<\/a>\n\t\t\t\t<\/span>\n\t\t\t\t\t\t\t<span class=\"elementor-grid-item\">\n\t\t\t\t\t<a class=\"elementor-icon elementor-social-icon elementor-social-icon-envelope elementor-repeater-item-83999e6\" href=\"mailto:%20bookingdaniel@virgilio.it\" target=\"_blank\">\n\t\t\t\t\t\t<span class=\"elementor-screen-only\">Envelope<\/span>\n\t\t\t\t\t\t<i class=\"fas fa-envelope\"><\/i>\t\t\t\t\t<\/a>\n\t\t\t\t<\/span>\n\t\t\t\t\t<\/div>\n\t\t\t\t<\/div>\n\t\t\t\t<\/div>\n\t\t\t\t\t\t<\/div>\n\t\t\t\t\t<\/div>\n\t\t<\/div>\n\t\t\t\t\t\t\t\t<\/div>\n\t\t\t\t\t<\/div>\n\t\t<\/section>\n\t\t\t\t\t\t<\/div>\n\t\t\t\t\t\t<\/div>\n\t\t\t\t\t<\/div>\n\t\t","protected":false},"excerpt":{"rendered":"<p>PRIVACY AND HOSPITALITY SINCE 1990 HOTEL DANIEL Hotel Daniel is the ideal solution for business stays, as its location allows [&hellip;]<\/p>\n","protected":false},"author":1,"featured_media":0,"parent":0,"menu_order":0,"comment_status":"closed","ping_status":"closed","template":"","meta":[],"_links":{"self":[{"href":"https:\/\/www.hoteldaniel-basiano.it\/en\/wp-json\/wp\/v2\/pages\/2953"}],"collection":[{"href":"https:\/\/www.hoteldaniel-basiano.it\/en\/wp-json\/wp\/v2\/pages"}],"about":[{"href":"https:\/\/www.hoteldaniel-basiano.it\/en\/wp-json\/wp\/v2\/types\/page"}],"author":[{"embeddable":true,"href":"https:\/\/www.hoteldaniel-basiano.it\/en\/wp-json\/wp\/v2\/users\/1"}],"replies":[{"embeddable":true,"href":"https:\/\/www.hoteldaniel-basiano.it\/en\/wp-json\/wp\/v2\/comments?post=2953"}],"version-history":[{"count":15,"href":"https:\/\/www.hoteldaniel-basiano.it\/en\/wp-json\/wp\/v2\/pages\/2953\/revisions"}],"predecessor-version":[{"id":4739,"href":"https:\/\/www.hoteldaniel-basiano.it\/en\/wp-json\/wp\/v2\/pages\/2953\/revisions\/4739"}],"wp:attachment":[{"href":"https:\/\/www.hoteldaniel-basiano.it\/en\/wp-json\/wp\/v2\/media?parent=2953"}],"curies":[{"name":"wp","href":"https:\/\/api.w.org\/{rel}","templated":true}]}}